{"id":50,"date":"2019-02-03T16:37:44","date_gmt":"2019-02-03T15:37:44","guid":{"rendered":"https:\/\/rcc.s120.eu\/?page_id=50"},"modified":"2019-02-03T16:53:23","modified_gmt":"2019-02-03T15:53:23","slug":"datenschutz","status":"publish","type":"page","link":"https:\/\/rcc.s120.eu\/?page_id=50","title":{"rendered":"Datenschutz"},"content":{"rendered":"<div  class=\"tatsu-fzto9hz08s7gfykl tatsu-section    tatsu-clearfix\" data-title=\"\"  data-headerscheme=\"background--dark\"><div class='tatsu-section-pad clearfix' data-padding='{\"d\":\"90px 0px 90px 0px\"}' data-padding-top='90px'><div class=\"tatsu-row-wrap  tatsu-wrap tatsu-row-one-col tatsu-row-has-one-cols tatsu-medium-gutter tatsu-reg-cols  tatsu-clearfix tatsu-fzto9hz0d36gjtbn\" ><div  class=\"tatsu-row \" ><div  class=\"tatsu-column  tatsu-column-no-bg tatsu-one-col tatsu-column-image-none tatsu-column-effect-none  tatsu-fzto9hz0i0fcbt4e\" data-animation=\"fadeIn\"   data-parallax-speed=\"0\" style=\"\"><div class=\"tatsu-column-inner \" ><div class=\"tatsu-column-pad-wrap\"><div class=\"tatsu-column-pad\" ><div  class=\"tatsu-module tatsu-text-block-wrap tatsu-fzto9hz0n25vws5n  \"><div class=\"tatsu-text-inner tatsu-align-center  clearfix\" data-animation=\"fadeIn\"  ><style>.tatsu-fzto9hz0n25vws5n.tatsu-text-block-wrap .tatsu-text-inner{width: 100%;text-align: left;}<\/style><p><\/p>\n<h2 class=\"wp-block-heading\">Datenschutz- und Einwilligungserkl\u00e4rung<\/h2>\n<p><\/p>\n<p><\/p>\n<p><strong>(Stand:14.05.2018)<\/strong><br \/><strong>Datum des Inkrafttretens: 25.05.2018<\/strong><\/p>\n<p><\/p>\n<p><\/p>\n<h3 class=\"wp-block-heading\">1. Datenschutz in unserem Verein<\/h3>\n<p><\/p>\n<p><\/p>\n<p>Wir nehmen den Schutz Ihrer pers\u00f6nlichen Daten sehr ernst. Ihre Privatsph\u00e4re ist f\u00fcr uns ein wichtiges Anliegen. Wir verarbeiten Ihre personenbezogenen Daten im Einklang mit den jeweils anwendbaren gesetzlichen Datenschutzanforderungen zu den nachfolgend aufgef\u00fchrten Zwecken. Personenbezogene Daten im Sinne dieser Erkl\u00e4rung, sind s\u00e4mtliche Informationen, die einen Bezug zu Ihrer Person aufweisen.<\/p>\n<p><\/p>\n<p><\/p>\n<p>Relevante personenbezogene Daten sind insbesondere Ihre pers\u00f6nlichen Daten (z. B. Name, Adresse, Kontaktdaten, Geburtsdatum), Ihre Abrechnungsdaten, Werbe- und Vertriebsdaten (d.h. Erkenntnisse aus Kundendatenanalysen).<\/p>\n<p><\/p>\n<p><\/p>\n<p>Sie k\u00f6nnen unsere Internetseite >>www.rcc-heidenhiem.de<< jederzeit besuchen und durchsuchen, ohne uns pers\u00f6nliche Informationen zu geben. Gespeichert wird jedoch die IP-Adresse die uns von Ihnen \u00fcbermittelt wird. Dar\u00fcber hinaus werden von unserem Provider (aufgerufene Domain, IP (Anonymisierung nach 7 Tagen), Timestamp, Request-Zeile, Status Code, Gr\u00f6\u00dfe des Response Bodies, Referer, User Agent, Remote User (im Normalfall bleibt diese Feld leer. Speicherung nur bei Useranmeldung) gespeichert.<\/p>\n<p><\/p>\n<p><\/p>\n<h3 class=\"wp-block-heading\">2. Kontaktdaten<\/h3>\n<p><\/p>\n<p><\/p>\n<h4 class=\"wp-block-heading\">2a. Verantwortliche Stelle<\/h4>\n<p><\/p>\n<p><\/p>\n<p>Verantwortlich f\u00fcr die Verarbeitung Ihrer personenbezogenen Daten ist :\u00a0<\/p>\n<p><\/p>\n<p><\/p>\n<p>RC-Car-Club Heidenheim e.V.<br \/>Herr<br \/>Matthias Francz<br \/>1.Vorstand<br \/>Im Pflaumbach 43<br \/>73431\u00a0Aalen<br \/>Deutschland<br \/>Telefon 0173-8808063\u00a0<br \/>e-Mail: 1.vorstand(at)rcc-heidenheim.de<br \/>Internet:\u00a0<a href=\"http:\/\/www.rcc-heidenheim.de\/\">www.rcc-heidenheim.de<\/a>\u00a0<br \/><a href=\"http:\/\/www.rcc-heidenheim.de\/\" target=\"_blank\" rel=\"noreferrer noopener\"><\/a><\/p>\n<p><\/p>\n<p><\/p>\n<h4 class=\"wp-block-heading\">2b. Datenschutzbeauftragter:<br \/><\/h4>\n<p><\/p>\n<p><\/p>\n<p>nicht benannt\u00a0<\/p>\n<p><\/p>\n<p><\/p>\n<p><strong>Hinweis auf EU-Streitschlichtung<\/strong><\/p>\n<p><\/p>\n<p><\/p>\n<p>Zur Streitschlichtung stellt die Europ\u00e4ische Kommission eine Plattform unter:\u00a0<a href=\"https:\/\/ec.europa.eu\/consumers\/odr\/\">https:\/\/ec.europa.eu\/consumers\/odr\/<\/a>\u00a0bereit.<\/p>\n<p><\/p>\n<p><\/p>\n<h4 class=\"wp-block-heading\">2b. Abk\u00fcrzungen:<\/h4>\n<p><\/p>\n<p><\/p>\n<p>Im weiteren Text\u00a0<\/p>\n<p><\/p>\n<p><\/p>\n<p>RCC-HDH = RC-Car-Club Heidenheim e.V.\u00a0<\/p>\n<p><\/p>\n<p><\/p>\n<p>Kunde = Mitglieder oder auch G\u00e4ste und Interessierte usw.<\/p>\n<p><\/p>\n<p><\/p>\n<h3 class=\"wp-block-heading\">3. Zwecke, zu denen Ihre Daten erhoben und verarbeitet werden, und ihre Rechtsgrundlagen<\/h3>\n<p><\/p>\n<p><\/p>\n<h4 class=\"wp-block-heading\">3a. Vertragsabwicklung<\/h4>\n<p><\/p>\n<p><\/p>\n<p>Der RCC-HDH verarbeitet Ihre personenbezogenen Daten zur Erf\u00fcllung des Vertrags mit Ihnen. Die konkrete Verarbeitung richtet sich nach den jeweiligen Produkten und der jeweiligen Dienstleistung, die Sie beim RCC-HDH beziehen. Insbesondere erfasst sind die Abrechnung der vertraglichen Leistungen, der Versand von Rechnungen und ggf. Mahnungen sowie die Kommunikation mit Ihnen. Rechtsgrundlage f\u00fcr die vorstehend beschriebene Datenverarbeitung ist die Verarbeitung zur Vertragserf\u00fcllung und Vertragsdurchf\u00fchrung. Ohne diese Datenverarbeitung k\u00f6nnen wir den Vertrag nicht abschlie\u00dfen und erf\u00fcllen. Zum Zwecke der Vertragserf\u00fcllung, z.B. zur Abrechnungserstellung, Abwicklung der Zahlung sowie der Versendung von Schreiben und der Ware, \u00fcbermitteln wir Ihre pers\u00f6nlichen Daten und Ihre Abrechnungsdaten auch an Dritte und Auftragsverarbeiter (z.B. Versanddienstleister und Inkassodienstleister).<\/p>\n<p><\/p>\n<p><\/p>\n<h4 class=\"wp-block-heading\">3b. Werbung<\/h4>\n<p><\/p>\n<p><\/p>\n<p>Der RCC-HDH nutzt Ihren Namen und Ihre Anschrift, um Ihnen Produktinformationen zu Portfolioprodukten zukommen zu lassen. Um Ihnen Produktinformationen zu Waren oder Dienstleistungen des RCC-HDH zukommen zu lassen, welche denen \u00e4hnlich sind, die Sie als Bestandskunde bereits beim RCC-HDH erworben oder in Anspruch genommen haben, nutzt der RCC-HDH auch die von Ihnen hierbei angegebene E-Mail-Adresse, wenn Sie dem nicht widersprochen haben. Um Werbung an Sie zu adressieren, geben wir Ihren Namen und Ihre Anschrift ggf. an Dritte und Auftragsverarbeiter (z. B. Versanddienstleister) weiter.<br \/>Diese Verarbeitung Ihrer vorstehend genannten Daten ist zur Wahrung der berechtigten Interessen des RCC-HDH erforderlich und ist durch eine Interessenabw\u00e4gung zugunsten des RCC-HDH gerechtfertigt. Ohne die Verwendung dieser Daten kann der RCC-HDH Ihnen keine Direktwerbung unterbreiten. Der RCC-HDH hat auch ein berechtigtes Interesse daran, Ihre vorstehend genannten Daten zum Zwecke der Direktwerbung f\u00fcr auf Sie ma\u00dfgeschneiderte Angebote des RCC-HDH zu verarbeiten, n\u00e4mlich die F\u00f6rderung des Absatzes von eigenen Produkten. Ihr schutzw\u00fcrdiges Interesse, dass Ihre vorstehend genannten Daten nicht zu diesem Zweck verwendet werden, \u00fcberwiegt dieses berechtigte Interesse des RCC-HDH nicht, da der RCC-HDH diese Daten dem beschriebenen Verarbeitungszweck entsprechend angemessen verwendet und hierf\u00fcr auch keine sensiblen Daten aus Ihrem Kundenverh\u00e4ltnis zum RCC-HDH genutzt werden. Die Nutzung Ihrer Daten zu Werbezwecken stellt zudem eine Verarbeitung dar, mit welcher Sie in bestehenden vertraglichen Beziehungen oder nach der \u00c4u\u00dferung von Interesse an Produkten oder Dienstleistungen des RCC-HDH in Form von z.B. Angeboten oder Dienstleistungen oder auch unwidersprochenem Empfang von Direktwerbung \u00fcber einen l\u00e4ngeren Zeitraum rechnen k\u00f6nnen, so dass nicht von einer Bel\u00e4stigung durch die Direktwerbung auszugehen ist. Zudem nutzt der RCC-HDH Ihre vorstehend genannten Daten zur Direktwerbung f\u00fcr Produkte von RCC-HDH nur dann, wenn Sie dem nicht widersprochen haben. Der RCC-HDH achtet zudem durch die gew\u00e4hlten Kommunikationskan\u00e4le f\u00fcr die Werbung (Post und auch per E-Mail) darauf, dass diese die m\u00f6glichst geringste St\u00f6rintensit\u00e4t f\u00fcr Sie aufweisen. Der RCC-HDH verwendet Ihre Daten zu einer anderen werblichen Ansprache als auf dem Postwege nur aufgrund der Einwilligung, die Sie uns mit Ihrer Zustimmung zu diesen Datenschutzerkl\u00e4rung erteilt haben.<\/p>\n<p><\/p>\n<p><\/p>\n<h4 class=\"wp-block-heading\">3c. Werbung f\u00fcr Dritte und durch Dritte<\/h4>\n<p><\/p>\n<p><\/p>\n<p>Der RCC-HDH nutzt Ihren Namen und Ihre Anschrift auch, um Ihnen im Rahmen der werblichen Ansprache durch den RCC-HDH Produktinformationen \u00fcber Produkte und Dienstleistungen von Dritten (z. B. Gesch\u00e4ftspartner, die \u00e4hnliche Produkte anbieten) zukommen zu lassen.<br \/>Diese Verarbeitung ist durch eine Interessenabw\u00e4gung zugunsten des RCC-HDH gerechtfertigt. Wie bereits dargestellt, hat der RCC-HDH ein berechtigtes Interesse daran, Ihnen Direktwerbung zukommen zu lassen. Dies schlie\u00dft auch Direktwerbung f\u00fcr Produkte und Dienstleistungen von Dritten mit ein. Zum einen kann durch die \u00dcbermittlung von Werbung von Dritten im Zusammenhang mit eigener Werbung des RCC-HDH Ihr Interesse auch an diesen Produkten gesteigert werden, was zu einer Steigerung des Absatzes beim RCC-HDH und des Dritten f\u00fchrt.<br \/>Zum anderen hat der RCC-HDH ein finanzielles Interesse daran, Dritten diese M\u00f6glichkeit der Beteiligung an Werbung einzur\u00e4umen. Wie auch bei eigener Direktwerbung f\u00fcr den RCC-HDH Produkte tritt Ihr Interesse daran, dass Ihre Daten nicht f\u00fcr diese Zwecke der Drittwerbung genutzt werden, zur\u00fcck; dies vor allem aufgrund der geringen Bel\u00e4stigungsintensit\u00e4t durch Post- und E-Mailwerbung und Ihres Rechts, dieser Nutzung Ihrer Daten zu widersprechen.<br \/>Mit Ihrer Einwilligung zu dieser Datenschutzerkl\u00e4rung, werden Ihnen Dritte (Partner des RCC-HDH) auch direkt deren eigene Produkte und Dienstleistungen anbieten. Der RCC-HDH gibt Ihre von dieser Einwilligung umfassten Daten (z.B. Kontaktdaten) in diesem Falle an Dritte weiter, damit diese Ihnen Angebote zu Kompliment\u00e4rprodukten zukommen lassen k\u00f6nnen.<\/p>\n<p><\/p>\n<p><\/p>\n<h4 class=\"wp-block-heading\">3d. Andere Zwecke<\/h4>\n<p><\/p>\n<p><\/p>\n<p>Sofern neben den bereits bestehenden Zwecken andere Zwecke zur Datenverwendung entstehen, pr\u00fcfen wir, ob diese weiteren Zwecke mit den urspr\u00fcnglichen Erhebungszwecken kompatibel und damit vereinbar sind. Ist dies nicht der Fall, wird der RCC-HDH Sie \u00fcber eine solche Zweck\u00e4nderung informieren. Liegt keine anderweitige Rechtsgrundlage f\u00fcr die weitere Datenverwendung vor, wird der RCC-HDH Ihre personenbezogenen Daten nicht ohne Ihre Einwilligung verwenden.<\/p>\n<p><\/p>\n<p><\/p>\n<h4 class=\"wp-block-heading\">3e. Welche Informationen sammelt die Homepage<\/h4>\n<p><\/p>\n<p><\/p>\n<p>Auf einigen Seiten von >>www.rcc-heidenheim.de<< z.B. im Kontaktformular, werden Sie aufgefordert, uns auf freiwilliger Basis pers\u00f6nliche Angaben zu machen. In der Regel werden diese Informationen abgefragt, wenn Sie sich f\u00fcr Informationen im Zusammenhang mit unserem Verein interessieren. \"Cookies\" sind kleine Informationsst\u00fccke, die auf der Festplatte Ihres Computers gespeichert werden. Durch unsere Cookies k\u00f6nnen wir Ihnen einen pers\u00f6nlicheren Service anbieten. Die meisten Internet-Browser akzeptieren Cookies automatisch, Sie k\u00f6nnen die Einstellungen Ihres Browsers in der Regel aber auch \u00e4ndern, wenn Sie die Informationen nicht f\u00fcr die sp\u00e4tere Nutzung speichern wollen. Auf unseren Seiten speichern wir Cookies nur nach Ihrer vorherigen Zustimmung.<br \/>Nutzung Facebook-Plugins\u00a0<br \/>Auf unseren Internetseiten sind teilweise Plugins des sozialen Netzwerks Facebook, 1601 South California Avenue, Palo Alto, CA 94304, USA integriert. Die Facebook-Plugins erkennen Sie an dem Facebook-Logo oder dem &#8222;like-Button&#8220; (Gef\u00e4llt mir) auf unserer Seite.<br \/>Eine \u00dcbersicht \u00fcber die Facebook-Plugins finden Sie hier:\u00a0<a href=\"http:\/\/developers.facebook.com\/docs\/plugins\/\">http:\/\/developers.facebook.com\/docs\/plugins\/<\/a><\/p>\n<p><\/p>\n<p><\/p>\n<p>Wenn Sie unsere Seiten besuchen, wird \u00fcber das Plugin eine direkte Verbindung zwischen Ihrem Browser und dem Facebook-Server hergestellt. Facebook erh\u00e4lt dadurch die Information, dass Sie mit Ihrer IP-Adresse unsere Seite besucht haben. Wenn Sie den Facebook &#8222;like-Button&#8220; anklicken w\u00e4hrend Sie in Ihrem Facebook-Account eingeloggt sind, k\u00f6nnen Sie die Inhalte unserer Seiten auf Ihrem Facebook-Profil verlinken. Dadurch kann Facebook den Besuch unserer Seiten Ihrem Benutzerkonto zuordnen. Wir weisen darauf hin, dass wir als Anbieter der Seiten keine Kenntnis vom Inhalt der \u00fcbermittelten Daten sowie deren Nutzung durch Facebook erhalten. Weitere Informationen hierzu finden Sie in der Datenschutzerkl\u00e4rung von facebook unter:\u00a0<a href=\"http:\/\/de-de.facebook.com\/policy.php.\">http:\/\/de-de.facebook.com\/policy.php.<\/a><\/p>\n<p><\/p>\n<p><\/p>\n<p>Wenn Sie nicht w\u00fcnschen, dass Facebook den Besuch unserer Seiten Ihrem Facebook-Nutzerkonto zuordnen kann, loggen Sie sich bitte aus Ihrem Facebook-Benutzerkonto aus.<br \/>Nutzung Google-Plugins\u00a0Auf unseren Internetseiten sind teilweise Plugins des Unternehmens Google Inc., 1600 Amphitheatre Parkway, Mountain View, CA 94043, United States integriert. Die Google-Plugins erkennen Sie an dem Google-Logo oder dem Google+1 &#8211; Button auf unserer Seite. Eine \u00dcbersicht \u00fcber die Google-Plugins finden Sie hier:\u00a0<a href=\"http:\/\/www.google.com\/intl\/de\/+\/policy\/+1button.html\">http:\/\/www.google.com\/intl\/de\/+\/policy\/+1button.html<\/a>. Wenn Sie unsere Seiten besuchen, wird \u00fcber das Plugin eine direkte Verbindung zwischen Ihrem Browser und dem Google-Server hergestellt. Google erh\u00e4lt dadurch die Information, dass Sie mit Ihrer IP-Adresse unsere Seite besucht haben. Wenn Sie den Google &#8211; Button anklicken w\u00e4hrend Sie in Ihrem Google-Account eingeloggt sind, k\u00f6nnen Sie die Inhalte unserer Seiten auf Ihrem Google-Profil verlinken. Dadurch kann Google den Besuch unserer Seiten Ihrem Benutzerkonto zuordnen. Wir weisen darauf hin, dass wir als Anbieter der Seiten keine Kenntnis vom Inhalt der \u00fcbermittelten Daten sowie deren Nutzung durch Google erhalten.<br \/>Weitere Informationen hierzu finden Sie in der Datenschutzerkl\u00e4rung von Google unter:\u00a0<a href=\"http:\/\/www.google.com\/intl\/de\/+\/policy\/+1button.html\">http:\/\/www.google.com\/intl\/de\/+\/policy\/+1button.html<\/a>.<br \/>Wenn Sie nicht w\u00fcnschen, dass Google den Besuch unserer Seiten Ihrem Google-Nutzerkonto zuordnen kann, loggen Sie sich bitte aus Ihrem Google-Benutzerkonto aus.<\/p>\n<p><\/p>\n<p><\/p>\n<h3 class=\"wp-block-heading\">4. Empf\u00e4nger Ihrer personenbezogenen Daten<\/h3>\n<p><\/p>\n<p><\/p>\n<p>Ihre personenbezogenen Daten werden auch von anderen Unternehmen, die im Auftrag des RCC-HDH t\u00e4tig sind (\u201eAuftragsverarbeiter&#8220;) oder im Rahmen von Gesch\u00e4ftspartnerschaften mit dem RCC-HDH t\u00e4tig sind (\u201eDritte&#8220;), genutzt. Hierbei kann es sich sowohl um externe Unternehmen und Partner des \u201eRCC-HDH&#8220; handeln. M\u00f6gliche Empf\u00e4nger Ihrer Daten sind Abrechnungsdienstleister, Adressdienstleister, Inkassounternehmen, Versanddienstleister, Social-Media-Unternehmen, IT-Dienstleister, Berater oder Beratungsgesellschaften, sonstige Service- und Kooperationspartner. F\u00fcr die Details verweisen wir auf die Beschreibungen der Datenverarbeitungen in Ziffer 3a. \u2013 3e.<\/p>\n<p><\/p>\n<p><\/p>\n<h3 class=\"wp-block-heading\">5. Datenspeicherung und Datenl\u00f6schung<\/h3>\n<p><\/p>\n<p><\/p>\n<p>Abgesehen von den im Folgenden ausgef\u00fchrten Ausnahmen l\u00f6schen wir Ihre sensiblen personenbezogenen Daten, wenn das Vertragsverh\u00e4ltnis mit Ihnen beendet ist, s\u00e4mtliche gegenseitigen Anspr\u00fcche erf\u00fcllt sind und keine anderweitigen gesetzlichen Aufbewahrungspflichten oder gesetzlichen Rechtfertigungsgrundlagen f\u00fcr die Speicherung bestehen. Ihren Namen und Ihre Postanschrift nutzen wir nach Beendigung des Vertragsverh\u00e4ltnisses weiter. Rechtsgrundlage f\u00fcr die Verarbeitung ist eine Interessenabw\u00e4gung zu unseren Gunsten. Unser berechtigtes Interesse liegt darin, Sie im Rahmen von werblichen Reakquisebem\u00fchungen erneut von unseren Produkten und Dienstleistungen zu \u00fcberzeugen. Entsprechend der Interessenabw\u00e4gung, Ihnen Direktwerbung w\u00e4hrend unserer Gesch\u00e4ftsbeziehung mit Ihnen zukommen zu lassen, \u00fcberwiegen auch bei der Nutzung Ihrer Daten zu diesem nachvertraglichen Werbezweck unsere Interessen. Durch einen Widerspruch haben Sie jederzeit die M\u00f6glichkeit, diese Verarbeitung zu unterbinden. Der RCC-HDH verwendet diese Daten dem beschriebenen Verarbeitungszweck entsprechend angemessen und nutzt hierf\u00fcr auch keine sensiblen Daten aus Ihrem Kundenverh\u00e4ltnis zum RCC-HDH.<br \/>Mit Anerkennung dieser Datenschutzerkl\u00e4rung und Einwilligungserkl\u00e4rung geben Sie Ihre Einwilligung zur werblichen Ansprache per E-Mail oder Telefon. Wir nutzen Ihre personenbezogenen Daten zur werblichen Ansprache f\u00fcr einen Zeitraum von maximal 12 Monaten nach Erteilung der Einwilligung, unabh\u00e4ngig von der Dauer des Bestehens des Vertragsverh\u00e4ltnisses. Eine Folgenutzung \u00fcber diesen Zeitraum hinaus findet statt, wenn Sie der werblichen Ansprache nicht widersprechen.<\/p>\n<p><\/p>\n<p><\/p>\n<h3 class=\"wp-block-heading\">6. Ihre Rechte<\/h3>\n<p><\/p>\n<p><\/p>\n<h4 class=\"wp-block-heading\">6a. Auskunft, Berichtigung, L\u00f6schung etc.<\/h4>\n<p><\/p>\n<p><\/p>\n<p>Gerne geben wir Ihnen Auskunft dar\u00fcber, ob und welche personenbezogenen Daten von Ihnen bei uns gespeichert sind und an wen wir diese ggf. weitergegeben haben. Nach Ma\u00dfgabe der gesetzlichen Bestimmungen k\u00f6nnen Sie folgende weitere Rechte geltend machen: Berichtigung, L\u00f6schung, Einschr\u00e4nkung der Verarbeitung (Sperrung f\u00fcr bestimmte Zwecke).<\/p>\n<p><\/p>\n<p><\/p>\n<h4 class=\"wp-block-heading\">6b. Widerspruchsrecht<\/h4>\n<p><\/p>\n<p><\/p>\n<p>Sie haben das Recht, jederzeit Widerspruch gegen die Verarbeitung Ihrer Daten zu Werbezwecken einzulegen. Sofern wir eine Verarbeitung von Daten auf Grundlage einer Interessenabw\u00e4gung, wie in dieser Datenschutzerkl\u00e4rung einzeln dargelegt, vornehmen (siehe hierzu Ziffern 3b bis 3d sowie Ziffer 5), haben Sie jederzeit das Recht, aus Gr\u00fcnden, die sich aus Ihrer besonderen Situation ergeben, gegen diese Verarbeitung Widerspruch einzulegen. Solche Gr\u00fcnde liegen insbesondere dann vor, wenn diese Ihren Interessen ein besonderes Gewicht verleihen und hierdurch den Interessen des RCC-HDH \u00fcberwiegen; dies gilt vor allem dann, wenn diese Gr\u00fcnde des RCC-HDH nicht bekannt sind und daher nicht bei der Interessenaus\u00fcbung ber\u00fccksichtigt werden konnten.<\/p>\n<p><\/p>\n<p><\/p>\n<h4 class=\"wp-block-heading\">6c. Widerrufsrecht<\/h4>\n<p><\/p>\n<p><\/p>\n<p>Sofern Sie uns die Einwilligung f\u00fcr die Verarbeitung Ihrer personenbezogenen Daten erteilt haben, k\u00f6nnen Sie diese jederzeit uns gegen\u00fcber widerrufen. Die Rechtm\u00e4\u00dfigkeit der Verarbeitung Ihrer Daten bis zum Widerruf bleibt von einem Widerruf unber\u00fchrt.<\/p>\n<p><\/p>\n<p><\/p>\n<h4 class=\"wp-block-heading\">6d. Fragen oder Beschwerden<\/h4>\n<p><\/p>\n<p><\/p>\n<p>Sie haben das Recht, sich bei Fragen oder Beschwerden an die Aufsichtsbeh\u00f6rden f\u00fcr den Datenschutz Baden-W\u00fcrttemberg >>Der Landesbeauftragte f\u00fcr den Datenschutz und die Informationsfreiheit Baden-W\u00fcrttemberg, Postfach 10 29 32, 70025 Stuttgart, K\u00f6nigstra\u00dfe 10a, 70173 Stuttgart, Tel.: 0711\/61 55 41 \u2013 0, Fax: 0711\/61 55 41 \u2013 15, E-Mail:\u00a0<a href=\"mailto:poststelle@lfdi.bwl.de\">poststelle@lfdi.bwl.de<\/a>, Internet:\u00a0<a href=\"https:\/\/www.baden-wuerttemberg.datenschutz.de\/\">https:\/\/www.baden-wuerttemberg.datenschutz.de<\/a>\u00a0<< zu wenden.<\/p>\n<p><\/p>\n<p><\/p>\n<h4 class=\"wp-block-heading\">6e. Recht auf Daten\u00fcbertragbarkeit<\/h4>\n<p><\/p>\n<p><\/p>\n<p>Sie haben das Recht, die Sie betreffenden personenbezogenen Daten in einem strukturierten, g\u00e4ngigen und maschinenlesbaren Format zu erhalten. Sie sind berechtigt, diese Daten einem anderen Verantwortlichen zu \u00fcbermitteln. Sofern technisch machbar, haben Sie das Recht, eine \u00dcbermittlung von uns direkt an einen anderen Verantwortlichen zu erwirken. Zur Aus\u00fcbung der unter Ziffer 6a. bis 6e. genannten Rechte k\u00f6nnen Sie sich unter Nutzung einer der unter Ziffer 2 genannten Kontaktdaten an den RCC-HDH wenden.<\/p>\n<p><\/p>\n<\/div><\/div><\/div><\/div><div class = \"tatsu-column-bg-image-wrap\"><div class = \"tatsu-column-bg-image\" ><\/div><\/div><\/div><style>.tatsu-row > .tatsu-fzto9hz0i0fcbt4e.tatsu-column{width: 100%;}.tatsu-fzto9hz0i0fcbt4e.tatsu-column > .tatsu-column-inner > .tatsu-column-overlay{mix-blend-mode: none;}.tatsu-fzto9hz0i0fcbt4e > .tatsu-column-inner > .tatsu-top-divider{z-index: 9999;}.tatsu-fzto9hz0i0fcbt4e > .tatsu-column-inner > .tatsu-bottom-divider{z-index: 9999;}.tatsu-fzto9hz0i0fcbt4e > .tatsu-column-inner > .tatsu-left-divider{z-index: 9999;}.tatsu-fzto9hz0i0fcbt4e > .tatsu-column-inner > .tatsu-right-divider{z-index: 9999;}.tatsu-fzto9hz0i0fcbt4e.tatsu-column{transform: translate3d(0px,0px, 0);}<\/style><\/div><\/div><\/div><\/div><div class=\"tatsu-section-background-wrap\"><div class = \"tatsu-section-background\" ><\/div><\/div><style>.tatsu-fzto9hz08s7gfykl .tatsu-section-pad{padding: 90px 0px 90px 0px;}.tatsu-fzto9hz08s7gfykl > .tatsu-bottom-divider{z-index: 9999;}.tatsu-fzto9hz08s7gfykl > .tatsu-top-divider{z-index: 9999;}<\/style><\/div>","protected":false},"excerpt":{"rendered":"<p><a href=\"https:\/\/rcc.s120.eu\/?page_id=50\" class=\"more-link style1-button\">Weiterlesen<\/a><\/p>","protected":false},"author":1,"featured_media":0,"parent":0,"menu_order":0,"comment_status":"closed","ping_status":"closed","template":"","meta":{"footnotes":""},"_links":{"self":[{"href":"https:\/\/rcc.s120.eu\/index.php?rest_route=\/wp\/v2\/pages\/50"}],"collection":[{"href":"https:\/\/rcc.s120.eu\/index.php?rest_route=\/wp\/v2\/pages"}],"about":[{"href":"https:\/\/rcc.s120.eu\/index.php?rest_route=\/wp\/v2\/types\/page"}],"author":[{"embeddable":true,"href":"https:\/\/rcc.s120.eu\/index.php?rest_route=\/wp\/v2\/users\/1"}],"replies":[{"embeddable":true,"href":"https:\/\/rcc.s120.eu\/index.php?rest_route=%2Fwp%2Fv2%2Fcomments&post=50"}],"version-history":[{"count":3,"href":"https:\/\/rcc.s120.eu\/index.php?rest_route=\/wp\/v2\/pages\/50\/revisions"}],"predecessor-version":[{"id":70,"href":"https:\/\/rcc.s120.eu\/index.php?rest_route=\/wp\/v2\/pages\/50\/revisions\/70"}],"wp:attachment":[{"href":"https:\/\/rcc.s120.eu\/index.php?rest_route=%2Fwp%2Fv2%2Fmedia&parent=50"}],"curies":[{"name":"wp","href":"https:\/\/api.w.org\/{rel}","templated":true}]}}