{"id":25,"date":"2019-02-03T15:31:20","date_gmt":"2019-02-03T14:31:20","guid":{"rendered":"https:\/\/rcc.s120.eu\/?page_id=25"},"modified":"2025-12-26T17:13:07","modified_gmt":"2025-12-26T16:13:07","slug":"startseite","status":"publish","type":"page","link":"https:\/\/rcc.s120.eu\/","title":{"rendered":"Startseite"},"content":{"rendered":"<div  class=\"tatsu-BkbsHvFN4V tatsu-section    tatsu-clearfix\" data-title=\"Bild\"  data-headerscheme=\"background--dark\"><div class='tatsu-section-pad clearfix' data-padding='{\"d\":\"27px 0px 0px 0px\"}' data-padding-top='27px'><div class=\"tatsu-row-wrap  tatsu-wrap tatsu-row-one-col tatsu-row-has-one-cols tatsu-medium-gutter tatsu-reg-cols  tatsu-clearfix tatsu-B1lsBvFN4V\" ><div  class=\"tatsu-row \" ><div  class=\"tatsu-column  tatsu-column-no-bg tatsu-one-col tatsu-column-image-none tatsu-column-effect-none  tatsu-B1oSwY4VE\"  data-parallax-speed=\"0\" style=\"\"><div class=\"tatsu-column-inner \" ><div class=\"tatsu-column-pad-wrap\"><div class=\"tatsu-column-pad\" ><div  class=\"tatsu-single-image tatsu-module align-center be-shadow-medium tatsu-image-lazyload tatsu-image-overflow  tatsu-B1cDvK4EE  \" ><div class=\"tatsu-single-image-inner \" style=\"\" ><div class = \"tatsu-single-image-padding-wrap\" style = \"padding-bottom : 21.6015625%;\" ><\/div><img class = \"tatsu-gradient-border\" alt = \"\" title = \"2021121a\" data-src = \"https:\/\/rcc.s120.eu\/wp-content\/uploads\/2021\/12\/2021121a-scaled.jpeg\" src =\"data:image\/png;base64,iVBORw0KGgoAAAANSUhEUgAAAAEAAAABCAQAAAC1HAwCAAAAC0lEQVR42mNkYAAAAAYAAjCB0C8AAAAASUVORK5CYII=\"  \/><\/div><style>.tatsu-B1cDvK4EE .tatsu-single-image-inner{border-style: solid;width: 100%;}.tatsu-B1cDvK4EE.tatsu-single-image{transform: translate3d(0px,0px, 0);}<\/style><\/div><\/div><\/div><div class = \"tatsu-column-bg-image-wrap\"><div class = \"tatsu-column-bg-image\" ><\/div><\/div><\/div><style>.tatsu-row > .tatsu-B1oSwY4VE.tatsu-column{width: 100%;}.tatsu-B1oSwY4VE.tatsu-column > .tatsu-column-inner > .tatsu-column-overlay{mix-blend-mode: none;}.tatsu-B1oSwY4VE > .tatsu-column-inner > .tatsu-top-divider{z-index: 9999;}.tatsu-B1oSwY4VE > .tatsu-column-inner > .tatsu-bottom-divider{z-index: 9999;}.tatsu-B1oSwY4VE > .tatsu-column-inner > .tatsu-left-divider{z-index: 9999;}.tatsu-B1oSwY4VE > .tatsu-column-inner > .tatsu-right-divider{z-index: 9999;}@media only screen and (max-width:1377px) {.tatsu-row > .tatsu-B1oSwY4VE.tatsu-column{width: 100%;}}@media only screen and (min-width:768px) and (max-width: 1024px) {.tatsu-row > .tatsu-B1oSwY4VE.tatsu-column{width: 100%;}}@media only screen and (max-width: 767px) {.tatsu-row > .tatsu-B1oSwY4VE.tatsu-column{width: 100%;}}<\/style><\/div><\/div><\/div><\/div><div class=\"tatsu-section-background-wrap\"><div class = \"tatsu-section-background\" ><\/div><\/div><style>.tatsu-BkbsHvFN4V .tatsu-section-pad{padding: 27px 0px 0px 0px;}.tatsu-BkbsHvFN4V > .tatsu-bottom-divider{z-index: 9999;}.tatsu-BkbsHvFN4V > .tatsu-top-divider{z-index: 9999;}<\/style><\/div><div  class=\"tatsu-rkZlMdPwV4 tatsu-section    tatsu-clearfix\" data-title=\"Textblock-RCC\"  data-headerscheme=\"background--dark\"><div class='tatsu-section-pad clearfix' data-padding='{\"d\":\"26px 0px 5px 0px\"}' data-padding-top='26px'><div class=\"tatsu-row-wrap  tatsu-wrap tatsu-row-one-col tatsu-row-has-one-cols tatsu-medium-gutter tatsu-reg-cols  tatsu-clearfix tatsu-BylgzuPDEV\" ><div  class=\"tatsu-row \" ><div  class=\"tatsu-column  tatsu-column-no-bg tatsu-one-col tatsu-column-image-none tatsu-column-effect-none  tatsu-SJgz_wP44\"  data-parallax-speed=\"0\" style=\"\"><div class=\"tatsu-column-inner \" ><div class=\"tatsu-column-pad-wrap\"><div class=\"tatsu-column-pad\" ><div  class=\"tatsu-module tatsu-text-block-wrap tatsu-HyLMdPDEV  \"><div class=\"tatsu-text-inner tatsu-align-center  clearfix\" ><style>.tatsu-HyLMdPDEV.tatsu-text-block-wrap .tatsu-text-inner{width: 100%;text-align: left;}<\/style>\n<p>Der <strong>RCC Heidenheim e.V.<\/strong> betreibt seit vielen Jahren eine permanente Hallenrennstrecke f\u00fcr RC Onroad Elektrofahrzeuge im Ma\u00dfstab 1\/10 und kleiner. Unsere Indoor &#8211; Halle befindet sich in 89428 Staufen &#8211; Bachtalstra\u00dfe 12. Dort werden wir ab Herbst 2021 unter optimalen Rahmenbedingungen in einer hellen und warmen Halle das ganze Jahr \u00fcber mit unserer RC-Car&#8217;s fahren zu k\u00f6nnen. Wir treffen uns jeden Freitag um 18.00 in der Halle. Dann wird gefahen, geplaudert und der Pizzalieferant wird auch beauftragt! Wettberwebe fahren wir nicht mehr, doch \u00fcber die Wintermonate f\u00fchren wir seit ein paar Jahren eine Vereinscup (RCC-Master) durch. Wir sind ein gem\u00fctlicher Haufen und nehmen das Ganze auch nicht allzu ernst. Der Spa\u00df steht absolut an erster Stelle! Wer Lust hat kann auch als Gast an unserem Vereinscup (RCC-Master) teilnehmen.<br \/><strong>Spa\u00df f\u00fcr Jedermann! <\/strong>Auch ohne Vereinsmitgliedschaft kann man als &#8222;Gastfahrer&#8220; bei uns auf der Strecke fahren. Ratsuchende und welche die das einmal ausprobieren wollen, sind ebenfalls herzlich willkommen!<\/p>\n<\/div><\/div><\/div><\/div><div class = \"tatsu-column-bg-image-wrap\"><div class = \"tatsu-column-bg-image\" ><\/div><\/div><\/div><style>.tatsu-row > .tatsu-SJgz_wP44.tatsu-column{width: 100%;}.tatsu-SJgz_wP44.tatsu-column > .tatsu-column-inner > .tatsu-column-overlay{mix-blend-mode: none;}.tatsu-SJgz_wP44 > .tatsu-column-inner > .tatsu-top-divider{z-index: 9999;}.tatsu-SJgz_wP44 > .tatsu-column-inner > .tatsu-bottom-divider{z-index: 9999;}.tatsu-SJgz_wP44 > .tatsu-column-inner > .tatsu-left-divider{z-index: 9999;}.tatsu-SJgz_wP44 > .tatsu-column-inner > .tatsu-right-divider{z-index: 9999;}@media only screen and (max-width:1377px) {.tatsu-row > .tatsu-SJgz_wP44.tatsu-column{width: 100%;}}@media only screen and (min-width:768px) and (max-width: 1024px) {.tatsu-row > .tatsu-SJgz_wP44.tatsu-column{width: 100%;}}@media only screen and (max-width: 767px) {.tatsu-row > .tatsu-SJgz_wP44.tatsu-column{width: 100%;}}<\/style><\/div><\/div><\/div><\/div><div class=\"tatsu-section-background-wrap\"><div class = \"tatsu-section-background\" ><\/div><\/div><style>.tatsu-rkZlMdPwV4 .tatsu-section-pad{padding: 26px 0px 5px 0px;}.tatsu-rkZlMdPwV4 > .tatsu-bottom-divider{z-index: 9999;}.tatsu-rkZlMdPwV4 > .tatsu-top-divider{z-index: 9999;}<\/style><\/div><div  class=\"tatsu-SybqMDvv4N tatsu-section    tatsu-clearfix\" data-title=\"Textblock-2-Spalten\"  data-headerscheme=\"background--dark\"><div class='tatsu-section-pad clearfix' data-padding='{\"d\":\"26px 0px 0px 0px\"}' data-padding-top='26px'><div class=\"tatsu-row-wrap  tatsu-wrap tatsu-row-has-one-half tatsu-row-has-two-cols tatsu-medium-gutter tatsu-reg-cols  tatsu-clearfix tatsu-SylqzvPw4E\" ><div  class=\"tatsu-row \" ><div  class=\"tatsu-column  tatsu-column-no-bg tatsu-one-half tatsu-column-image-none tatsu-column-effect-none  tatsu-SkwQvDP4V\"  data-parallax-speed=\"0\" style=\"\"><div class=\"tatsu-column-inner \" ><div class=\"tatsu-column-pad-wrap\"><div class=\"tatsu-column-pad\" ><div  class=\"tatsu-module tatsu-text-block-wrap tatsu-rJ5EwvDN4  \"><div class=\"tatsu-text-inner tatsu-align-center  clearfix\" ><style>.tatsu-rJ5EwvDN4.tatsu-text-block-wrap .tatsu-text-inner{width: 100%;text-align: left;}<\/style>\n<p align=\"LEFT\"><strong><span style=\"font-size: 14pt; color: #ff6600;\">Fahrzeuge auf unserer Strecke:<\/span><br \/><\/strong><\/p>\n<p>Auf unserer Strecke d\u00fcrfen Tourenwagenmodelle mit Elektroantrieb gefahren werden!<br \/>Egal ob Hobby- \/ Einsteiger- oder Profi-Fahrzeuge!<br \/>Modelle im Ma\u00dfstab 1:18 bis 1:10 sind erlaubt.<br \/>Gefahren werden darf nur mit S-A-U-B-E-R-E-N Fahrzeugen\/Reifen.<br \/>Es gilt die Hallenordnung einzuhalten. Die Hallennutzung geschieht auf eigene Gefahr!<\/p>\n<p><span style=\"color: #ff6600; font-size: 14pt;\"><b>Hinweis:<\/b><\/span><br \/>F\u00fcr Sch\u00e4den an der RC-Cars, die bei Unf\u00e4llen entstehen, gilt folgende Regelung: <br \/>Jeder Unfallteilnehmer hat den eigenen Schaden selbst zu tragen!<\/p>\n<\/div><\/div><\/div><\/div><div class = \"tatsu-column-bg-image-wrap\"><div class = \"tatsu-column-bg-image\" ><\/div><\/div><\/div><style>.tatsu-row > .tatsu-SkwQvDP4V.tatsu-column{width: 55%;}.tatsu-SkwQvDP4V.tatsu-column > .tatsu-column-inner > .tatsu-column-overlay{mix-blend-mode: none;}.tatsu-SkwQvDP4V > .tatsu-column-inner > .tatsu-top-divider{z-index: 9999;}.tatsu-SkwQvDP4V > .tatsu-column-inner > .tatsu-bottom-divider{z-index: 9999;}.tatsu-SkwQvDP4V > .tatsu-column-inner > .tatsu-left-divider{z-index: 9999;}.tatsu-SkwQvDP4V > .tatsu-column-inner > .tatsu-right-divider{z-index: 9999;}@media only screen and (max-width:1377px) {.tatsu-row > .tatsu-SkwQvDP4V.tatsu-column{width: 50%;}}@media only screen and (min-width:768px) and (max-width: 1024px) {.tatsu-row > .tatsu-SkwQvDP4V.tatsu-column{width: 50%;}}@media only screen and (max-width: 767px) {.tatsu-row > .tatsu-SkwQvDP4V.tatsu-column{width: 100%;}}<\/style><\/div><div  class=\"tatsu-column  tatsu-column-no-bg tatsu-one-half tatsu-column-image-none tatsu-column-effect-none  tatsu-S1gvQDwwV4\"  data-parallax-speed=\"0\" style=\"\"><div class=\"tatsu-column-inner \" ><div class=\"tatsu-column-pad-wrap\"><div class=\"tatsu-column-pad\" ><div  class=\"tatsu-module tatsu-text-block-wrap tatsu-SJhIPDwN4  \"><div class=\"tatsu-text-inner tatsu-align-center  clearfix\" ><style>.tatsu-SJhIPDwN4.tatsu-text-block-wrap .tatsu-text-inner{width: 100%;text-align: left;}.tatsu-SJhIPDwN4.tatsu-text-block-wrap{margin: 0px 0px 0px 0px;}<\/style>\n<p align=\"LEFT\"><span style=\"font-size: 24pt;\"><b><span style=\"color: #ff6600;\"><span style=\"vertical-align: inherit;\"><span style=\"vertical-align: inherit;\"><span style=\"vertical-align: inherit;\"><span style=\"vertical-align: inherit;\">RC-Indoor Halle <\/span><\/span><\/span><\/span><br \/><\/span><\/b><\/span><span style=\"font-size: 10pt;\"><b><span style=\"color: #ff6600;\"><span style=\"vertical-align: inherit;\"><span style=\"vertical-align: inherit;\"><span style=\"vertical-align: inherit;\"><span style=\"vertical-align: inherit;\">Standort:<\/span><\/span><\/span><\/span><br \/><\/span><\/b><\/span><span style=\"vertical-align: inherit;\"><span style=\"vertical-align: inherit;\"><span style=\"vertical-align: inherit;\"><span style=\"vertical-align: inherit;\">89428 Staufen &#8211; Bachtalstra\u00dfe 12<\/span><\/span><\/span><\/span><br \/><span style=\"font-size: 10pt;\"><strong><span style=\"color: #ff6600;\"><span style=\"vertical-align: inherit;\"><span style=\"vertical-align: inherit;\"><span style=\"vertical-align: inherit;\"><span style=\"vertical-align: inherit;\"> \u00d6ffnungszeiten:<\/span><\/span><\/span><\/span><br \/><\/span><\/strong><\/span><span style=\"vertical-align: inherit;\"><span style=\"vertical-align: inherit;\"><span style=\"vertical-align: inherit;\"><span style=\"vertical-align: inherit;\"> Freitags 18.00 Uhr \u2013 23.00 Uhr<\/span><\/span><\/span><\/span><br \/><strong><span style=\"color: #ff6600; font-size: 10pt;\"><span style=\"vertical-align: inherit;\"><span style=\"vertical-align: inherit;\"><span style=\"vertical-align: inherit;\"><span style=\"vertical-align: inherit;\"> Aktueller Hallen Status:<\/span><\/span><\/span><\/span><\/span><br \/><\/strong><span style=\"vertical-align: inherit;\"><span style=\"vertical-align: inherit;\"><span style=\"vertical-align: inherit;\"><span style=\"vertical-align: inherit;\"> Strecke ge\u00f6ffnet! <\/span><\/span><\/span><\/span><br \/><span style=\"vertical-align: inherit;\"><span style=\"font-size: 8pt;\">(letzte Aktualisierung 25.12.2025)<\/span><\/span><br \/><strong><span style=\"color: #ff6600; font-size: 10pt;\"><span style=\"vertical-align: inherit;\"><span style=\"vertical-align: inherit;\"><span style=\"vertical-align: inherit;\"><span style=\"vertical-align: inherit;\"> Aktueller Hinweis:<\/span><\/span><\/span><\/span><\/span><\/strong><br \/><span style=\"vertical-align: inherit;\"><span style=\"vertical-align: inherit;\"><span style=\"vertical-align: inherit;\"><span style=\"vertical-align: inherit;\"> &#8211; <\/span><\/span><\/span><\/span><span style=\"vertical-align: inherit;\"><span style=\"vertical-align: inherit;\"><span style=\"vertical-align: inherit;\"><span style=\"vertical-align: inherit;\">&#8211;<\/span><\/span><\/span><\/span><\/p>\n<\/div><\/div><\/div><\/div><div class = \"tatsu-column-bg-image-wrap\"><div class = \"tatsu-column-bg-image\" ><\/div><\/div><\/div><style>.tatsu-row > .tatsu-S1gvQDwwV4.tatsu-column{width: 45%;}.tatsu-S1gvQDwwV4.tatsu-column > .tatsu-column-inner > .tatsu-column-overlay{mix-blend-mode: none;}.tatsu-S1gvQDwwV4 > .tatsu-column-inner > .tatsu-top-divider{z-index: 9999;}.tatsu-S1gvQDwwV4 > .tatsu-column-inner > .tatsu-bottom-divider{z-index: 9999;}.tatsu-S1gvQDwwV4 > .tatsu-column-inner > .tatsu-left-divider{z-index: 9999;}.tatsu-S1gvQDwwV4 > .tatsu-column-inner > .tatsu-right-divider{z-index: 9999;}@media only screen and (max-width:1377px) {.tatsu-row > .tatsu-S1gvQDwwV4.tatsu-column{width: 50%;}}@media only screen and (min-width:768px) and (max-width: 1024px) {.tatsu-row > .tatsu-S1gvQDwwV4.tatsu-column{width: 50%;}}@media only screen and (max-width: 767px) {.tatsu-row > .tatsu-S1gvQDwwV4.tatsu-column{width: 100%;}}<\/style><\/div><\/div><\/div><\/div><div class=\"tatsu-section-background-wrap\"><div class = \"tatsu-section-background\" ><\/div><\/div><style>.tatsu-SybqMDvv4N .tatsu-section-pad{padding: 26px 0px 0px 0px;}.tatsu-SybqMDvv4N > .tatsu-bottom-divider{z-index: 9999;}.tatsu-SybqMDvv4N > .tatsu-top-divider{z-index: 9999;}<\/style><\/div><div  class=\"tatsu-BJbxpWKPEV tatsu-section    tatsu-clearfix\" data-title=\"\"  data-headerscheme=\"background--dark\"><div class='tatsu-section-pad clearfix' data-padding='{\"d\":\"34px 0px 5px 0px\"}' data-padding-top='34px'><div class=\"tatsu-row-wrap  tatsu-wrap tatsu-row-one-col tatsu-row-has-one-cols tatsu-medium-gutter tatsu-reg-cols  tatsu-clearfix tatsu-SJlxT-YvE4\" ><div  class=\"tatsu-row \" ><div  class=\"tatsu-column  tatsu-column-no-bg tatsu-one-col tatsu-column-image-none tatsu-column-effect-none  tatsu-Hyg6-KwVV\"  data-parallax-speed=\"0\" style=\"\"><div class=\"tatsu-column-inner \" ><div class=\"tatsu-column-pad-wrap\"><div class=\"tatsu-column-pad\" ><div  class=\"tatsu-module tatsu-text-block-wrap tatsu-HkI6WYPN4  \"><div class=\"tatsu-text-inner tatsu-align-center  clearfix\" ><style>.tatsu-HkI6WYPN4.tatsu-text-block-wrap .tatsu-text-inner{width: 100%;text-align: left;}.tatsu-HkI6WYPN4.tatsu-text-block-wrap{margin: 0px 0px 0px 0px;}<\/style>\n<p><strong><span style=\"color: #ff6600;\"><span style=\"font-size: large;\">Einladung zur Hauptversammlung 2026<br \/><\/span><\/span><\/strong>Hiermit laden wir alle Clubmitglieder zur 42. ordentlichen Mitgliederjahreshauptversammlung ein.<br \/>Die Versammlung findet am Freitag den 06. Februar 2026 um 20.00 Uhr in der Halle des RCC Heidenheim e.V., Bachtalstra\u00dfe 12, 89428 Staufen statt.<\/p>\n<p>Tagesordnung:<\/p>\n<ol>\n<li>Begr\u00fc\u00dfung durch den Vorstand<\/li>\n<li>Festlegung des Protokollf\u00fchrers<\/li>\n<li>Feststellung der ordnungsgem\u00e4\u00dfen Ladung<\/li>\n<li>Feststellung der Beschlussf\u00e4higkeit<\/li>\n<li>Genehmigung der Tagesordnung<\/li>\n<li>R\u00fcckblick auf das Jahr 2025<\/li>\n<li>Kassenbericht<\/li>\n<li>Entlastung des Vorstands<\/li>\n<li>Wahlen<\/li>\n<li>Diskussion und Beschlussfassung \u00fcber fristgerecht eingegangene Antr\u00e4ge<\/li>\n<li>Vorhaben 2026<\/li>\n<li>Verschiedenes<\/li>\n<li>Schlusswort<\/li>\n<\/ol>\n<p><span style=\"font-size: small;\">Mit freundlichen Gr\u00fc\u00dfen<br \/><\/span>Mathias Francz<\/p>\n<p><!--more--><!--more--><\/p>\n<hr \/>\n<p><strong><span style=\"color: #ff6600;\"><span style=\"font-size: large;\">Rennen &#8222;1:12 GT Gentleman&#8217;s&#8220; am 24.01.2020<br \/><\/span><\/span><\/strong>Wir freuen uns am Freitag den 24.01.2020 die Fahrer zum &#8222;1\/12 GT Gentleman&#8217;s&#8220; in unserer Halle begr\u00fc\u00dfen zu d\u00fcrfen. An diesem Abend findet das zweite Rennen zur Serie statt. Wir w\u00fcnschen allen Teilnehmern ein spannenden Rennabend. Beginn ist 17.00 Uhr.<\/p>\n<p><a href=\"https:\/\/rcc.s120.eu\/?page_id=220\" target=\"_blank\" rel=\"noopener noreferrer\">Reglement 1\/12 GT Gentleman\u2019S&#8230;<\/a><br \/><a href=\"https:\/\/rcc.s120.eu\/tatsu-seite-341\/\">homoligierte Motoren-Liste 17,5T&#8230;<\/a><\/p>\n<hr \/>\n<p><strong><span style=\"color: #ff6600;\"><span style=\"font-size: large;\">Und wieder ist ein Jahr vergangen!<br \/><\/span><\/span><\/strong>Allzu schnell ist auch dieses Jahr wieder vergangen. Es schein als ob die Zeit wie Sand durch die Finger rinnt.<\/p>\n<p>R\u00fcckblickend k\u00f6nnen wir das zu Ende gehende Jahr als erfolgreich bezeichnen.<br \/>Wir waren wieder gemeinsam auf der Modellbaumesse in Friedrichshafen. Nun der Vereinscup f\u00e4llt diese Jahr aus.. Wie werden als Ersatz spontanen Rennabende durchf\u00fchren.<br \/>Die Mitglieder zahl ist leicht angewachsen um nette Gastfahrer haben sich auch zu uns gesellt.<\/p>\n<p>Wir w\u00fcnschen allen Mitgliedern und deren Familien sowie Freunde des Vereins eine beschauliches Weihnachtszeit, ein sch\u00f6nes Weihnachtsfest im Kriese der Lieben und einen guten Start in das Neue Jahr!<\/p>\n<hr \/>\n<p><strong><span style=\"color: #ff6600;\"><span style=\"font-size: large;\">Reglement zur Rennserie: &#8222;1:12 GT Gentleman&#8217;s&#8220;<br \/><\/span><\/span><\/strong>Es entsteht aktuell ein Reglement f\u00fcr 1\/12 GT, in Zusammenarbeit mit Fahrer aus verschiedenen Vereinen aus dem Raum BW\/Bayern.<br \/>&#8230;.. <a href=\"https:\/\/rcc.s120.eu\/1-12-gt-gentelmen-reglement\/\">Ganz Aktuell. Vorl\u00e4ufiges Reglement steht nun bereit.<\/a> &#8230;&#8230;<\/p>\n<hr \/>\n<p><strong><span style=\"color: #ff6600;\"><span style=\"font-size: large;\">Vereinscup 2019\/2020 RCC-Master 1\/10 Elektro<\/span><\/span><\/strong><\/p>\n<p><strong><span style=\"color: #ff6600;\"><span style=\"font-size: medium;\">F\u00e4llt diese Session aus!<\/span><\/span><\/strong><\/p>\n<p>Wir werden dennoch bei entsprechender Teilnehmeranzahl spontane Rennen durchf\u00fchren.<\/p>\n<hr \/>\n<p><strong><span style=\"color: #ff6600;\"><span style=\"font-size: large;\">Vereinscup 2018\/2019 RCC-Master 1\/10 Elektro<br \/><\/span><\/span><\/strong>Wir machen wieder einen Vereinscup &#8211; Tourenwagen 1\/10 Elektro-\u00a0 \u00fcber die Wintermonate 2018\/2019.<br \/>Je Abend 2 L\u00e4ufe mit 15 Minuten. Weitere Infos im Menu\u00fc unter RCC-Master.<br \/><strong><span style=\"font-size: small;\">Zugelassen sind Vereinsmitglieder und Nicht-Vereinsmitglieder!!<br \/><\/span><\/strong><strong>Termine: <\/strong><br \/><strong>09.11.2018<\/strong><br \/><strong>23.11.2018<\/strong><br \/><strong>07.12.2018<\/strong><br \/><strong>18.01.2019<\/strong><br \/><strong>08.02.2019<\/strong><br \/><strong>15.03.2019<br \/><\/strong><span style=\"color: #ff6600;\"><strong>NEW!!<\/strong><\/span><strong><br \/>Es besteht auch die M\u00f6glichkeit f\u00fcr die, die einfach mal so mitfahren wollen und ihr Fahrzeug nicht folgend genannten Reglementpunkten entspricht, au\u00dfer Konkurenz mitzufahren.<br \/>-Motor, -Regler, -\u00dcbersetzung, -Gewicht<\/strong><\/p>\n<hr \/>\n<p>\u00a0<\/p>\n<\/div><\/div><\/div><\/div><div class = \"tatsu-column-bg-image-wrap\"><div class = \"tatsu-column-bg-image\" ><\/div><\/div><\/div><style>.tatsu-row > .tatsu-Hyg6-KwVV.tatsu-column{width: 100%;}.tatsu-Hyg6-KwVV.tatsu-column > .tatsu-column-inner > .tatsu-column-overlay{mix-blend-mode: none;}.tatsu-Hyg6-KwVV > .tatsu-column-inner > .tatsu-top-divider{z-index: 9999;}.tatsu-Hyg6-KwVV > .tatsu-column-inner > .tatsu-bottom-divider{z-index: 9999;}.tatsu-Hyg6-KwVV > .tatsu-column-inner > .tatsu-left-divider{z-index: 9999;}.tatsu-Hyg6-KwVV > .tatsu-column-inner > .tatsu-right-divider{z-index: 9999;}@media only screen and (max-width:1377px) {.tatsu-row > .tatsu-Hyg6-KwVV.tatsu-column{width: 100%;}}@media only screen and (min-width:768px) and (max-width: 1024px) {.tatsu-row > .tatsu-Hyg6-KwVV.tatsu-column{width: 100%;}}@media only screen and (max-width: 767px) {.tatsu-row > .tatsu-Hyg6-KwVV.tatsu-column{width: 100%;}}<\/style><\/div><\/div><\/div><\/div><div class=\"tatsu-section-background-wrap\"><div class = \"tatsu-section-background\" ><\/div><\/div><style>.tatsu-BJbxpWKPEV .tatsu-section-pad{padding: 34px 0px 5px 0px;}.tatsu-BJbxpWKPEV > .tatsu-bottom-divider{z-index: 9999;}.tatsu-BJbxpWKPEV > .tatsu-top-divider{z-index: 9999;}<\/style><\/div>\n","protected":false},"excerpt":{"rendered":"<p>Einladung zur Hauptversammlung 2026Hiermit laden wir alle Clubmitglieder zur 42. ordentlichen Mitgliederjahreshauptversammlung ein.Die Versammlung findet am Freitag den 06. Februar 2026 um 20.00 Uhr in der Halle des RCC Heidenheim [&hellip;]<\/p>\n<p><a href=\"https:\/\/rcc.s120.eu\/\" class=\"more-link style1-button\">Weiterlesen<\/a><\/p>","protected":false},"author":1,"featured_media":0,"parent":0,"menu_order":0,"comment_status":"closed","ping_status":"closed","template":"","meta":{"footnotes":""},"_links":{"self":[{"href":"https:\/\/rcc.s120.eu\/index.php?rest_route=\/wp\/v2\/pages\/25"}],"collection":[{"href":"https:\/\/rcc.s120.eu\/index.php?rest_route=\/wp\/v2\/pages"}],"about":[{"href":"https:\/\/rcc.s120.eu\/index.php?rest_route=\/wp\/v2\/types\/page"}],"author":[{"embeddable":true,"href":"https:\/\/rcc.s120.eu\/index.php?rest_route=\/wp\/v2\/users\/1"}],"replies":[{"embeddable":true,"href":"https:\/\/rcc.s120.eu\/index.php?rest_route=%2Fwp%2Fv2%2Fcomments&post=25"}],"version-history":[{"count":197,"href":"https:\/\/rcc.s120.eu\/index.php?rest_route=\/wp\/v2\/pages\/25\/revisions"}],"predecessor-version":[{"id":495,"href":"https:\/\/rcc.s120.eu\/index.php?rest_route=\/wp\/v2\/pages\/25\/revisions\/495"}],"wp:attachment":[{"href":"https:\/\/rcc.s120.eu\/index.php?rest_route=%2Fwp%2Fv2%2Fmedia&parent=25"}],"curies":[{"name":"wp","href":"https:\/\/api.w.org\/{rel}","templated":true}]}}